{"id":589,"date":"2025-08-04T14:16:34","date_gmt":"2025-08-04T11:16:34","guid":{"rendered":"https:\/\/teknofeyz.com\/anasayfa\/"},"modified":"2025-08-16T09:35:33","modified_gmt":"2025-08-16T06:35:33","slug":"home","status":"publish","type":"page","link":"https:\/\/teknofeyz.com\/en\/","title":{"rendered":"Home"},"content":{"rendered":"\t\t<div data-elementor-type=\"wp-page\" data-elementor-id=\"589\" class=\"elementor elementor-589\" data-elementor-post-type=\"page\">\n\t\t\t\t\t\t<section class=\"elementor-section elementor-top-section elementor-element elementor-element-7e37478 elementor-section-full_width elementor-section-height-default elementor-section-height-default\" data-id=\"7e37478\" data-element_type=\"section\">\n\t\t\t\t\t\t<div class=\"elementor-container elementor-column-gap-default\">\n\t\t\t\t\t<div class=\"elementor-column elementor-col-100 elementor-top-column elementor-element elementor-element-1a73760\" data-id=\"1a73760\" data-element_type=\"column\">\n\t\t\t<div class=\"elementor-widget-wrap elementor-element-populated\">\n\t\t\t\t\t\t<div class=\"elementor-element elementor-element-58beae6 elementor-widget elementor-widget-heading\" data-id=\"58beae6\" data-element_type=\"widget\" data-widget_type=\"heading.default\">\n\t\t\t\t<div class=\"elementor-widget-container\">\n\t\t\t\t\t<h1 class=\"elementor-heading-title elementor-size-default\">AI-Supported Product Comparison<\/h1>\t\t\t\t<\/div>\n\t\t\t\t<\/div>\n\t\t\t\t\t<\/div>\n\t\t<\/div>\n\t\t\t\t\t<\/div>\n\t\t<\/section>\n\t\t\t\t<section class=\"elementor-section elementor-top-section elementor-element elementor-element-5b9fee1 elementor-section-full_width elementor-section-height-default elementor-section-height-default\" data-id=\"5b9fee1\" data-element_type=\"section\">\n\t\t\t\t\t\t<div class=\"elementor-container elementor-column-gap-default\">\n\t\t\t\t\t<div class=\"elementor-column elementor-col-100 elementor-top-column elementor-element elementor-element-8ac0d9e\" data-id=\"8ac0d9e\" data-element_type=\"column\">\n\t\t\t<div class=\"elementor-widget-wrap elementor-element-populated\">\n\t\t\t\t\t\t<div class=\"elementor-element elementor-element-b9159d8 elementor-widget elementor-widget-html\" data-id=\"b9159d8\" data-element_type=\"widget\" data-widget_type=\"html.default\">\n\t\t\t\t<div class=\"elementor-widget-container\">\n\t\t\t\t\t<style>\r\n    .comparison-container {\r\n        text-align: center;\r\n        margin: 40px auto;\r\n        max-width: 600px;\r\n        padding: 0 15px;\r\n        box-sizing: border-box;\r\n        font-family: Arial, sans-serif;\r\n    }\r\n    .input-wrapper {\r\n        position: relative;\r\n        display: inline-block;\r\n        width: 100%;\r\n    }\r\n    .comparison-input {\r\n        width: 100%;\r\n        padding: 12px 40px 12px 12px;\r\n        font-size: 16px;\r\n        box-sizing: border-box;\r\n        border: 2px solid #000; \/* Black border to match black-and-white theme *\/\r\n        border-radius: 4px;\r\n        background: #fff; \/* White background *\/\r\n    }\r\n    .comparison-button {\r\n        position: absolute;\r\n        right: 2px;\r\n        top: 50%;\r\n        transform: translateY(-50%);\r\n        background: #000; \/* Black background for button-like section *\/\r\n        border: none;\r\n        cursor: pointer;\r\n        padding: 10px;\r\n        width: 40px;\r\n        height: 100%;\r\n        border-radius: 0 4px 4px 0; \/* Rounded right corners *\/\r\n        display: flex;\r\n        align-items: center;\r\n        justify-content: center;\r\n    }\r\n    .comparison-button:disabled {\r\n        background-color: #666; \/* Dark gray when disabled *\/\r\n        cursor: not-allowed;\r\n    }\r\n    .comparison-button:hover:not(:disabled) {\r\n        background-color: #333; \/* Darker gray on hover *\/\r\n    }\r\n    .magnifying-glass {\r\n        font-size: 20px;\r\n        color: #fff; \/* White icon on black background *\/\r\n    }\r\n    #loading-text {\r\n        display: none;\r\n        font-size: 14px;\r\n        color: #555;\r\n        margin-top: 10px;\r\n    }\r\n    #error-message {\r\n        display: none;\r\n        color: red;\r\n        margin-top: 10px;\r\n        font-size: 14px;\r\n    }\r\n    #previous-comparisons {\r\n        margin-top: 100px;\r\n        text-align: left;\r\n        max-height: 200px;\r\n        overflow-y: auto;\r\n        border: 1px solid #ccc;\r\n        border-radius: 4px;\r\n        padding: 10px;\r\n        background-color: #fff;\r\n        display: none;\r\n    }\r\n    #previous-comparisons h3 {\r\n        font-size: 16px;\r\n        margin: 0 0 10px 0;\r\n        color: #333;\r\n    }\r\n    #previous-comparisons ul {\r\n        list-style: none;\r\n        padding: 0;\r\n        margin: 0;\r\n    }\r\n    #previous-comparisons li {\r\n        padding: 8px;\r\n        cursor: pointer;\r\n        border-bottom: 1px solid #eee;\r\n        color: #333;\r\n        font-size: 14px;\r\n    }\r\n    #previous-comparisons li:hover {\r\n        background-color: #f8f8f8;\r\n    }\r\n    @media (max-width: 600px) {\r\n        .comparison-container {\r\n            margin: 20px auto;\r\n            padding: 0 10px;\r\n        }\r\n        .comparison-input, .comparison-button {\r\n            font-size: 14px;\r\n        }\r\n    }\r\n    .ui-autocomplete {\r\n        max-height: 200px;\r\n        overflow-y: auto;\r\n        overflow-x: hidden;\r\n        border: 1px solid #ddd;\r\n        background: #fff;\r\n        z-index: 1000;\r\n    }\r\n    .ui-autocomplete li {\r\n        padding: 8px;\r\n        cursor: pointer;\r\n    }\r\n    .ui-autocomplete li:hover, .ui-state-active {\r\n        background: #f0f0f0 !important;\r\n        color: #000 !important;\r\n        border: 1px solid #f0f0f0 !important;\r\n    }\r\n<\/style>\r\n<div class=\"comparison-container\">\r\n    <form id=\"comparison-form\" action=\"\/wp-admin\/admin-ajax.php\" method=\"post\">\r\n        <div class=\"input-wrapper\">\r\n            <input type=\"text\" class=\"comparison-input\" id=\"comparison-query\" placeholder=\"Enter 2 product names (e.g.: iPhone 15 vs Galaxy S24))\" autocomplete=\"off\">\r\n            <button class=\"comparison-button\" id=\"comparison-button\" onclick=\"submitComparison()\" type=\"submit\">\r\n                <i class=\"fas fa-search\"><\/i> <!-- Unicode magnifying glass -->\r\n            <\/button>\r\n        <\/div>\r\n        <input type=\"hidden\" id=\"cf-turnstile-response\" name=\"cf-turnstile-response\">\r\n        <p id=\"loading-text\">Preparing comparison...<br>(Comparison time approximately 30s)<br>\r\n        <img decoding=\"async\" src=\"https:\/\/teknofeyz.com\/wp-content\/uploads\/2025\/08\/loading.gif\">\r\n        <\/p>\r\n        <div id=\"error-message\"><\/div>\r\n        <div id=\"previous-comparisons\">\r\n            <h3>Previous comparisons<\/h3>\r\n            <ul id=\"previous-comparisons-list\"><\/ul>\r\n        <\/div>\r\n        <p style=\"margin:10px\"><div class=\"custom-cf-turnstile\" style=\"margin-top: 0px; margin-bottom: -15px;\"> <div class=\"cf-turnstile\" data-sitekey=\"0x4AAAAAABpiP9o_j2DvOhXS\" data-callback=\"turnstileCallback\" id=\"cf-turnstile-custom-495005706\"><\/div> <script src=\"https:\/\/challenges.cloudflare.com\/turnstile\/v0\/api.js\"><\/script> <script> document.addEventListener(\"DOMContentLoaded\", function() { if (typeof turnstile === 'undefined') { console.error('Turnstile script y\u00fcklenmedi.'); document.getElementById('error-message').textContent = 'Cloudflare Turnstile y\u00fcklenemedi. L\u00fctfen sayfay\u0131 yenileyin.'; document.getElementById('error-message').style.display = 'block'; document.getElementById('comparison-button').disabled = true; return; } console.log('Turnstile haz\u0131r.'); }); <\/script> <\/div><\/p>\r\n    <\/form>\r\n<\/div>\t\t\t\t<\/div>\n\t\t\t\t<\/div>\n\t\t\t\t\t<\/div>\n\t\t<\/div>\n\t\t\t\t\t<\/div>\n\t\t<\/section>\n\t\t\t\t<section class=\"elementor-section elementor-top-section elementor-element elementor-element-010f363 elementor-section-boxed elementor-section-height-default elementor-section-height-default\" data-id=\"010f363\" data-element_type=\"section\">\n\t\t\t\t\t\t<div class=\"elementor-container elementor-column-gap-default\">\n\t\t\t\t\t<div class=\"elementor-column elementor-col-100 elementor-top-column elementor-element elementor-element-a259410\" data-id=\"a259410\" data-element_type=\"column\">\n\t\t\t<div class=\"elementor-widget-wrap elementor-element-populated\">\n\t\t\t\t\t\t<div class=\"elementor-element elementor-element-3730742 elementor-widget elementor-widget-heading\" data-id=\"3730742\" data-element_type=\"widget\" data-widget_type=\"heading.default\">\n\t\t\t\t<div class=\"elementor-widget-container\">\n\t\t\t\t\t<h2 class=\"elementor-heading-title elementor-size-default\">Latest Comparisons<\/h2>\t\t\t\t<\/div>\n\t\t\t\t<\/div>\n\t\t\t\t<div class=\"elementor-element elementor-element-3c11a45 elementor-grid-1 elementor-posts--thumbnail-none elementor-posts--align-center elementor-grid-tablet-2 elementor-grid-mobile-1 elementor-widget elementor-widget-posts\" data-id=\"3c11a45\" data-element_type=\"widget\" data-settings=\"{&quot;classic_columns&quot;:&quot;1&quot;,&quot;classic_row_gap&quot;:{&quot;unit&quot;:&quot;px&quot;,&quot;size&quot;:5,&quot;sizes&quot;:[]},&quot;classic_columns_tablet&quot;:&quot;2&quot;,&quot;classic_columns_mobile&quot;:&quot;1&quot;,&quot;classic_row_gap_tablet&quot;:{&quot;unit&quot;:&quot;px&quot;,&quot;size&quot;:&quot;&quot;,&quot;sizes&quot;:[]},&quot;classic_row_gap_mobile&quot;:{&quot;unit&quot;:&quot;px&quot;,&quot;size&quot;:&quot;&quot;,&quot;sizes&quot;:[]}}\" data-widget_type=\"posts.classic\">\n\t\t\t\t<div class=\"elementor-widget-container\">\n\t\t\t\t\t\t\t<div class=\"elementor-posts-container elementor-posts elementor-posts--skin-classic elementor-grid\" role=\"list\">\n\t\t\t\t<article class=\"elementor-post elementor-grid-item post-936 post type-post status-publish format-standard hentry category-karsilastir tag-botslab tag-f7n tag-g980h tag-redtiger\" role=\"listitem\">\n\t\t\t\t<div class=\"elementor-post__text\">\n\t\t\t\t<h3 class=\"elementor-post__title\">\n\t\t\t<a href=\"https:\/\/teknofeyz.com\/en\/redtiger-f7n-vs-botslab-g980h-2\/\" >\n\t\t\t\tRedtiger F7N vs Botslab G980H\t\t\t<\/a>\n\t\t<\/h3>\n\t\t\t\t<\/div>\n\t\t\t\t<\/article>\n\t\t\t\t<article class=\"elementor-post elementor-grid-item post-932 post type-post status-publish format-standard hentry category-karsilastir tag-pro tag-winix tag-zero\" role=\"listitem\">\n\t\t\t\t<div class=\"elementor-post__text\">\n\t\t\t\t<h3 class=\"elementor-post__title\">\n\t\t\t<a href=\"https:\/\/teknofeyz.com\/en\/winix-zero-vs-winix-zero-pro-2\/\" >\n\t\t\t\twinix zero vs winix zero pro\t\t\t<\/a>\n\t\t<\/h3>\n\t\t\t\t<\/div>\n\t\t\t\t<\/article>\n\t\t\t\t<article class=\"elementor-post elementor-grid-item post-926 post type-post status-publish format-standard hentry category-karsilastir tag-769 tag-carbon tag-dell tag-latitude tag-lenovo tag-thinkpad\" role=\"listitem\">\n\t\t\t\t<div class=\"elementor-post__text\">\n\t\t\t\t<h3 class=\"elementor-post__title\">\n\t\t\t<a href=\"https:\/\/teknofeyz.com\/en\/lenovo-thinkpad-x1-carbon-vs-dell-latitude-7450-2\/\" >\n\t\t\t\tLenovo ThinkPad X1 Carbon vs Dell Latitude 7450\t\t\t<\/a>\n\t\t<\/h3>\n\t\t\t\t<\/div>\n\t\t\t\t<\/article>\n\t\t\t\t<article class=\"elementor-post elementor-grid-item post-924 post type-post status-publish format-standard hentry category-karsilastir tag-combo tag-irobot tag-j9 tag-pro tag-roborock tag-roomba tag-ultra\" role=\"listitem\">\n\t\t\t\t<div class=\"elementor-post__text\">\n\t\t\t\t<h3 class=\"elementor-post__title\">\n\t\t\t<a href=\"https:\/\/teknofeyz.com\/en\/roborock-s8-pro-ultra-vs-irobot-roomba-combo-j9-2\/\" >\n\t\t\t\tRoborock S8 Pro Ultra vs iRobot Roomba Combo j9+\t\t\t<\/a>\n\t\t<\/h3>\n\t\t\t\t<\/div>\n\t\t\t\t<\/article>\n\t\t\t\t<article class=\"elementor-post elementor-grid-item post-922 post type-post status-publish format-standard hentry category-karsilastir tag-215 tag-apple tag-era tag-homepod tag-sonos\" role=\"listitem\">\n\t\t\t\t<div class=\"elementor-post__text\">\n\t\t\t\t<h3 class=\"elementor-post__title\">\n\t\t\t<a href=\"https:\/\/teknofeyz.com\/en\/sonos-era-300-vs-apple-homepod-2-2\/\" >\n\t\t\t\tSonos Era 300 vs Apple HomePod 2\t\t\t<\/a>\n\t\t<\/h3>\n\t\t\t\t<\/div>\n\t\t\t\t<\/article>\n\t\t\t\t<article class=\"elementor-post elementor-grid-item post-920 post type-post status-publish format-standard hentry category-karsilastir tag-model tag-rivian tag-tesla\" role=\"listitem\">\n\t\t\t\t<div class=\"elementor-post__text\">\n\t\t\t\t<h3 class=\"elementor-post__title\">\n\t\t\t<a href=\"https:\/\/teknofeyz.com\/en\/tesla-model-y-vs-rivian-r2-2\/\" >\n\t\t\t\tTesla Model Y vs Rivian R2\t\t\t<\/a>\n\t\t<\/h3>\n\t\t\t\t<\/div>\n\t\t\t\t<\/article>\n\t\t\t\t<\/div>\n\t\t\n\t\t\t\t\t\t<\/div>\n\t\t\t\t<\/div>\n\t\t\t\t<div class=\"elementor-element elementor-element-1b54ec2 elementor-widget elementor-widget-text-editor\" data-id=\"1b54ec2\" data-element_type=\"widget\" data-widget_type=\"text-editor.default\">\n\t\t\t\t<div class=\"elementor-widget-container\">\n\t\t\t\t\t\t\t\t\t<p style=\"text-align: center;\">(The 100% accuracy of comparison contents created with artificial intelligence cannot be guaranteed.)<\/p>\t\t\t\t\t\t\t\t<\/div>\n\t\t\t\t<\/div>\n\t\t\t\t\t<\/div>\n\t\t<\/div>\n\t\t\t\t\t<\/div>\n\t\t<\/section>\n\t\t\t\t<\/div>\n\t\t","protected":false},"excerpt":{"rendered":"<p>AI-Supported Product Comparison Preparing comparison&#8230;(Comparison time approximately 30s) Previous comparisons Latest Comparisons (The 100% accuracy of comparison contents created with artificial intelligence cannot be guaranteed.)<\/p>\n","protected":false},"author":1,"featured_media":0,"parent":0,"menu_order":0,"comment_status":"closed","ping_status":"closed","template":"page-template\/template-fullwidth.php","meta":{"footnotes":""},"class_list":["post-589","page","type-page","status-publish","hentry"],"aioseo_notices":[],"_links":{"self":[{"href":"https:\/\/teknofeyz.com\/en\/wp-json\/wp\/v2\/pages\/589","targetHints":{"allow":["GET"]}}],"collection":[{"href":"https:\/\/teknofeyz.com\/en\/wp-json\/wp\/v2\/pages"}],"about":[{"href":"https:\/\/teknofeyz.com\/en\/wp-json\/wp\/v2\/types\/page"}],"author":[{"embeddable":true,"href":"https:\/\/teknofeyz.com\/en\/wp-json\/wp\/v2\/users\/1"}],"replies":[{"embeddable":true,"href":"https:\/\/teknofeyz.com\/en\/wp-json\/wp\/v2\/comments?post=589"}],"version-history":[{"count":9,"href":"https:\/\/teknofeyz.com\/en\/wp-json\/wp\/v2\/pages\/589\/revisions"}],"predecessor-version":[{"id":634,"href":"https:\/\/teknofeyz.com\/en\/wp-json\/wp\/v2\/pages\/589\/revisions\/634"}],"wp:attachment":[{"href":"https:\/\/teknofeyz.com\/en\/wp-json\/wp\/v2\/media?parent=589"}],"curies":[{"name":"wp","href":"https:\/\/api.w.org\/{rel}","templated":true}]}}